{"id":7,"date":"2024-03-21T17:36:52","date_gmt":"2024-03-21T17:36:52","guid":{"rendered":"https:\/\/plantcalza.com\/?page_id=7"},"modified":"2024-03-26T11:54:29","modified_gmt":"2024-03-26T11:54:29","slug":"inicio","status":"publish","type":"page","link":"https:\/\/plantcalza.com\/","title":{"rendered":"PLANTCALZA"},"content":{"rendered":"\t\t<div data-elementor-type=\"wp-page\" data-elementor-id=\"7\" class=\"elementor elementor-7\">\n\t\t\t\t<div class=\"elementor-element elementor-element-bdc210f e-flex e-con-boxed e-con e-parent\" data-id=\"bdc210f\" data-element_type=\"container\" data-core-v316-plus=\"true\">\n\t\t\t\t\t<div class=\"e-con-inner\">\n\t\t\t\t<div class=\"elementor-element elementor-element-6c8c868 elementor-widget elementor-widget-image\" data-id=\"6c8c868\" data-element_type=\"widget\" data-widget_type=\"image.default\">\n\t\t\t\t<div class=\"elementor-widget-container\">\n\t\t\t<style>\/*! elementor - v3.20.0 - 20-03-2024 *\/\n.elementor-widget-image{text-align:center}.elementor-widget-image a{display:inline-block}.elementor-widget-image a img[src$=\".svg\"]{width:48px}.elementor-widget-image img{vertical-align:middle;display:inline-block}<\/style>\t\t\t\t\t\t\t\t\t\t<img fetchpriority=\"high\" decoding=\"async\" width=\"800\" height=\"208\" src=\"https:\/\/plantcalza.com\/wp-content\/uploads\/2024\/03\/300753449_381922610757597_8427276237030549764_n.jpg\" class=\"attachment-large size-large wp-image-17\" alt=\"\" srcset=\"https:\/\/plantcalza.com\/wp-content\/uploads\/2024\/03\/300753449_381922610757597_8427276237030549764_n.jpg 960w, https:\/\/plantcalza.com\/wp-content\/uploads\/2024\/03\/300753449_381922610757597_8427276237030549764_n-300x78.jpg 300w, https:\/\/plantcalza.com\/wp-content\/uploads\/2024\/03\/300753449_381922610757597_8427276237030549764_n-768x200.jpg 768w\" sizes=\"(max-width: 800px) 100vw, 800px\" \/>\t\t\t\t\t\t\t\t\t\t\t\t\t<\/div>\n\t\t\t\t<\/div>\n\t\t\t\t\t<\/div>\n\t\t\t\t<\/div>\n\t\t<div class=\"elementor-element elementor-element-ce8bbd7 e-flex e-con-boxed e-con e-parent\" data-id=\"ce8bbd7\" data-element_type=\"container\" data-core-v316-plus=\"true\">\n\t\t\t\t\t<div class=\"e-con-inner\">\n\t\t<div class=\"elementor-element elementor-element-7daed13 e-con-full e-flex e-con e-child\" data-id=\"7daed13\" data-element_type=\"container\">\n\t\t\t\t<div class=\"elementor-element elementor-element-2891b58 elementor-widget elementor-widget-heading\" data-id=\"2891b58\" data-element_type=\"widget\" data-widget_type=\"heading.default\">\n\t\t\t\t<div class=\"elementor-widget-container\">\n\t\t\t<style>\/*! elementor - v3.20.0 - 20-03-2024 *\/\n.elementor-heading-title{padding:0;margin:0;line-height:1}.elementor-widget-heading .elementor-heading-title[class*=elementor-size-]>a{color:inherit;font-size:inherit;line-height:inherit}.elementor-widget-heading .elementor-heading-title.elementor-size-small{font-size:15px}.elementor-widget-heading .elementor-heading-title.elementor-size-medium{font-size:19px}.elementor-widget-heading .elementor-heading-title.elementor-size-large{font-size:29px}.elementor-widget-heading .elementor-heading-title.elementor-size-xl{font-size:39px}.elementor-widget-heading .elementor-heading-title.elementor-size-xxl{font-size:59px}<\/style><h2 class=\"elementor-heading-title elementor-size-default\">\u00bfQui\u00e9nes somos?<\/h2>\t\t<\/div>\n\t\t\t\t<\/div>\n\t\t\t\t<\/div>\n\t\t<div class=\"elementor-element elementor-element-5b78995 e-con-full e-flex e-con e-child\" data-id=\"5b78995\" data-element_type=\"container\">\n\t\t\t\t<\/div>\n\t\t<div class=\"elementor-element elementor-element-4663552 e-con-full e-flex e-con e-child\" data-id=\"4663552\" data-element_type=\"container\">\n\t\t\t\t<div class=\"elementor-element elementor-element-d5122aa elementor-widget elementor-widget-text-editor\" data-id=\"d5122aa\" data-element_type=\"widget\" data-widget_type=\"text-editor.default\">\n\t\t\t\t<div class=\"elementor-widget-container\">\n\t\t\t<style>\/*! elementor - v3.20.0 - 20-03-2024 *\/\n.elementor-widget-text-editor.elementor-drop-cap-view-stacked .elementor-drop-cap{background-color:#69727d;color:#fff}.elementor-widget-text-editor.elementor-drop-cap-view-framed .elementor-drop-cap{color:#69727d;border:3px solid;background-color:transparent}.elementor-widget-text-editor:not(.elementor-drop-cap-view-default) .elementor-drop-cap{margin-top:8px}.elementor-widget-text-editor:not(.elementor-drop-cap-view-default) .elementor-drop-cap-letter{width:1em;height:1em}.elementor-widget-text-editor .elementor-drop-cap{float:left;text-align:center;line-height:1;font-size:50px}.elementor-widget-text-editor .elementor-drop-cap-letter{display:inline-block}<\/style>\t\t\t\t<p>Bienvenidos a Plant Calza S.L., somos una empresa con m\u00e1s de 30 a\u00f1os de experiencia especializada en la fabricaci\u00f3n de plantillas anat\u00f3micas en corcho. Situada en Crevillente (Alicante), nos enorgullece ofrecer una amplia gama de plantillas dise\u00f1adas para satisfacer las necesidades de todos nuestros clientes, desde los m\u00e1s peque\u00f1os hasta los adultos.<\/p><p>En Plant Calza S.L., nos comprometemos a ofrecer productos de la m\u00e1s alta calidad y a brindar un servicio excepcional a nuestros clientes. Nuestro equipo altamente capacitado se esfuerza por superar las expectativas en cada paso del proceso de fabricaci\u00f3n y atenci\u00f3n al cliente.<\/p><p>\u00a1Gracias por confiar en Plant Calza S.L.!<\/p>\t\t\t\t\t\t<\/div>\n\t\t\t\t<\/div>\n\t\t\t\t<\/div>\n\t\t<div class=\"elementor-element elementor-element-ace90c6 e-con-full e-flex e-con e-child\" data-id=\"ace90c6\" data-element_type=\"container\">\n\t\t\t\t<div class=\"elementor-element elementor-element-bd883bd elementor-widget elementor-widget-image\" data-id=\"bd883bd\" data-element_type=\"widget\" data-widget_type=\"image.default\">\n\t\t\t\t<div class=\"elementor-widget-container\">\n\t\t\t\t\t\t\t\t\t\t\t\t\t<img decoding=\"async\" width=\"800\" height=\"533\" src=\"https:\/\/plantcalza.com\/wp-content\/uploads\/2024\/03\/corcho-suelas-Photoroom.png-Photoroom-1024x682.png\" class=\"attachment-large size-large wp-image-22\" alt=\"\" srcset=\"https:\/\/plantcalza.com\/wp-content\/uploads\/2024\/03\/corcho-suelas-Photoroom.png-Photoroom-1024x682.png 1024w, https:\/\/plantcalza.com\/wp-content\/uploads\/2024\/03\/corcho-suelas-Photoroom.png-Photoroom-300x200.png 300w, https:\/\/plantcalza.com\/wp-content\/uploads\/2024\/03\/corcho-suelas-Photoroom.png-Photoroom-768x512.png 768w, https:\/\/plantcalza.com\/wp-content\/uploads\/2024\/03\/corcho-suelas-Photoroom.png-Photoroom.png 1280w\" sizes=\"(max-width: 800px) 100vw, 800px\" \/>\t\t\t\t\t\t\t\t\t\t\t\t\t<\/div>\n\t\t\t\t<\/div>\n\t\t\t\t<\/div>\n\t\t\t\t\t<\/div>\n\t\t\t\t<\/div>\n\t\t<div class=\"elementor-element elementor-element-994ef95 e-flex e-con-boxed e-con e-parent\" data-id=\"994ef95\" data-element_type=\"container\" data-core-v316-plus=\"true\">\n\t\t\t\t\t<div class=\"e-con-inner\">\n\t\t\t\t<div class=\"elementor-element elementor-element-124c752 elementor-align-center elementor-widget elementor-widget-button\" data-id=\"124c752\" data-element_type=\"widget\" data-widget_type=\"button.default\">\n\t\t\t\t<div class=\"elementor-widget-container\">\n\t\t\t\t\t<div class=\"elementor-button-wrapper\">\n\t\t\t<a class=\"elementor-button elementor-button-link elementor-size-sm\" href=\"?page_id=45\" id=\"https:\/\/plantcalza.com\/?page_id=45\">\n\t\t\t\t\t\t<span class=\"elementor-button-content-wrapper\">\n\t\t\t\t\t\t<span class=\"elementor-button-text\">\u00bfD\u00f3nde nos encontramos?<\/span>\n\t\t<\/span>\n\t\t\t\t\t<\/a>\n\t\t<\/div>\n\t\t\t\t<\/div>\n\t\t\t\t<\/div>\n\t\t\t\t\t<\/div>\n\t\t\t\t<\/div>\n\t\t\t\t<\/div>\n\t\t","protected":false},"excerpt":{"rendered":"<p>\u00bfQui\u00e9nes somos? Bienvenidos a Plant Calza S.L., somos una empresa con m\u00e1s de 30 a\u00f1os de experiencia especializada en la fabricaci\u00f3n de plantillas anat\u00f3micas en corcho. Situada en Crevillente (Alicante), nos enorgullece ofrecer una amplia gama de plantillas dise\u00f1adas para satisfacer las necesidades de todos nuestros clientes, desde los m\u00e1s peque\u00f1os hasta los adultos. En [&hellip;]<\/p>\n","protected":false},"author":1,"featured_media":0,"parent":0,"menu_order":0,"comment_status":"closed","ping_status":"closed","template":"","meta":{"footnotes":""},"class_list":["post-7","page","type-page","status-publish","hentry"],"_links":{"self":[{"href":"https:\/\/plantcalza.com\/index.php?rest_route=\/wp\/v2\/pages\/7","targetHints":{"allow":["GET"]}}],"collection":[{"href":"https:\/\/plantcalza.com\/index.php?rest_route=\/wp\/v2\/pages"}],"about":[{"href":"https:\/\/plantcalza.com\/index.php?rest_route=\/wp\/v2\/types\/page"}],"author":[{"embeddable":true,"href":"https:\/\/plantcalza.com\/index.php?rest_route=\/wp\/v2\/users\/1"}],"replies":[{"embeddable":true,"href":"https:\/\/plantcalza.com\/index.php?rest_route=%2Fwp%2Fv2%2Fcomments&post=7"}],"version-history":[{"count":25,"href":"https:\/\/plantcalza.com\/index.php?rest_route=\/wp\/v2\/pages\/7\/revisions"}],"predecessor-version":[{"id":73,"href":"https:\/\/plantcalza.com\/index.php?rest_route=\/wp\/v2\/pages\/7\/revisions\/73"}],"wp:attachment":[{"href":"https:\/\/plantcalza.com\/index.php?rest_route=%2Fwp%2Fv2%2Fmedia&parent=7"}],"curies":[{"name":"wp","href":"https:\/\/api.w.org\/{rel}","templated":true}]}}